{"id":238,"date":"2013-05-24T07:57:08","date_gmt":"2013-05-24T07:57:08","guid":{"rendered":"http:\/\/prokernberge.de\/?page_id=238"},"modified":"2013-07-25T15:19:08","modified_gmt":"2013-07-25T15:19:08","slug":"infomaterial","status":"publish","type":"page","link":"https:\/\/prokernberge.de\/?page_id=238","title":{"rendered":"Infomaterial"},"content":{"rendered":"<p>Auf der folgenden Seite finden Sie direkte Informationen zum geplanten Bauvorhaben sowie hilfreiche Basisinformationen der Stadtverwaltung Jena zum Thema Stadtentwicklung und Stra\u00dfenbau.<\/p>\n<p><strong>Stellungnahmen<\/strong><\/p>\n<p><a href=\"http:\/\/prokernberge.de\/wp-content\/uploads\/2013\/07\/Stellungnahme-NABU-April-2013.pdf\">Stellungnahme NABU April 2013<\/a><\/p>\n<p><strong>Informationsmaterialien zum geplanten Bebauungsgebiet Hildebrandstra\u00dfe<br \/>\n<strong>(Quelle: Stadtverwaltung Jena)<\/strong><\/strong><\/p>\n<p><a href=\"http:\/\/prokernberge.de\/wp-content\/uploads\/2013\/05\/12_1820-BV_Beschlussvorlage_Stadtrat.pdf\">Beschlussvorlage Stadtrat 12\/1820_Aufstellungsbeschlu\u00df zum B-Plan B-Wj 17 &#8222;Hildebrandstra\u00dfe&#8220;<\/a><br \/>\n<a href=\"http:\/\/prokernberge.de\/wp-content\/uploads\/2013\/05\/12_1820-BV_Anlage_Geltungsbereich-Lageplan.pdf\">Beschlussvorlage Stadtrat 12\/1820_Anlage Geltungsbereich Lageplan<\/a><\/p>\n<p><strong><br \/>\nAllgemeine Informationen zum Thema Stra\u00dfenausbaubeitr\u00e4ge und Erschlie\u00dfungskosten<br \/>\n(Quelle: Stadtverwaltung Jena, KSJ)<br \/>\n<\/strong><\/p>\n<p><a href=\"http:\/\/prokernberge.de\/wp-content\/uploads\/2013\/05\/StrBauBeitragsSatzunBS2008.pdf\">Stra\u00dfenbau-Beitragssatzung_BS2008<\/a><br \/>\n<a href=\"http:\/\/prokernberge.de\/wp-content\/uploads\/2013\/05\/ErschliesBeitragSatz_19930812.pdf\">Erschlie\u00dfungsbeitragssatzung vom 08.12.1993<\/a><br \/>\n<a href=\"http:\/\/prokernberge.de\/wp-content\/uploads\/2013\/05\/Haeufig-gestellte-Fragen-zur-Beitragserhebung-Version-2011-.102230.pdf\">Haeufig gestellte Fragen zur Beitragserhebung -Version 2011-.102230<\/a><\/p>\n","protected":false},"excerpt":{"rendered":"<p>Auf der folgenden Seite finden Sie direkte Informationen zum geplanten Bauvorhaben sowie hilfreiche Basisinformationen der Stadtverwaltung Jena zum Thema Stadtentwicklung und Stra\u00dfenbau. Stellungnahmen Stellungnahme NABU April 2013 Informationsmaterialien zum geplanten Bebauungsgebiet Hildebrandstra\u00dfe (Quelle: Stadtverwaltung Jena) Beschlussvorlage Stadtrat 12\/1820_Aufstellungsbeschlu\u00df zum B-Plan &hellip; <a href=\"https:\/\/prokernberge.de\/?page_id=238\">Weiterlesen <span class=\"meta-nav\">&rarr;<\/span><\/a><\/p>\n","protected":false},"author":2,"featured_media":0,"parent":0,"menu_order":0,"comment_status":"closed","ping_status":"closed","template":"","meta":[],"_links":{"self":[{"href":"https:\/\/prokernberge.de\/index.php?rest_route=\/wp\/v2\/pages\/238"}],"collection":[{"href":"https:\/\/prokernberge.de\/index.php?rest_route=\/wp\/v2\/pages"}],"about":[{"href":"https:\/\/prokernberge.de\/index.php?rest_route=\/wp\/v2\/types\/page"}],"author":[{"embeddable":true,"href":"https:\/\/prokernberge.de\/index.php?rest_route=\/wp\/v2\/users\/2"}],"replies":[{"embeddable":true,"href":"https:\/\/prokernberge.de\/index.php?rest_route=%2Fwp%2Fv2%2Fcomments&post=238"}],"version-history":[{"count":21,"href":"https:\/\/prokernberge.de\/index.php?rest_route=\/wp\/v2\/pages\/238\/revisions"}],"predecessor-version":[{"id":392,"href":"https:\/\/prokernberge.de\/index.php?rest_route=\/wp\/v2\/pages\/238\/revisions\/392"}],"wp:attachment":[{"href":"https:\/\/prokernberge.de\/index.php?rest_route=%2Fwp%2Fv2%2Fmedia&parent=238"}],"curies":[{"name":"wp","href":"https:\/\/api.w.org\/{rel}","templated":true}]}}